{"id":5,"date":"2018-01-07T17:03:37","date_gmt":"2018-01-07T17:03:37","guid":{"rendered":"https:\/\/lpas.redeescolardeciencia.pt\/?page_id=5"},"modified":"2018-01-09T10:35:06","modified_gmt":"2018-01-09T10:35:06","slug":"home","status":"publish","type":"page","link":"https:\/\/lpas.redeescolardeciencia.pt\/","title":{"rendered":"Home"},"content":{"rendered":"<p>1) Caracteriza\u00e7\u00e3o dimensional estat\u00edstica de sedimentos e solos (histograma, curva de frequ\u00eancias, curva cumulativa e medidas descritivas como tend\u00eancia central, dispers\u00e3o, assimetria e angulosidade da curva de distribui\u00e7\u00e3o &#8211; estat\u00edstica num\u00e9rica e an\u00e1lise gr\u00e1fica);<\/p>\n<p>2) rotinas laboratoriais de extra\u00e7\u00e3o e prepara\u00e7\u00e3o dos minerais (quartzo e feldspato) sobre os quais vai ser medida a luminesc\u00eancia (realizada em laborat\u00f3rio exterior);<\/p>\n<p>3) prepara\u00e7\u00e3o de amostras biol\u00f3gicas para envio a laborat\u00f3rios exteriores para determina\u00e7\u00e3o de 14C;<\/p>\n<p>4) prepara\u00e7\u00e3o de sedimentos para estudos \u00e0 lupa binocular e ao microsc\u00f3pio petrogr\u00e1fico (no Laborat\u00f3rio de Microscopia e Petrografia).<\/p>\n","protected":false},"excerpt":{"rendered":"<p>1) Caracteriza\u00e7\u00e3o dimensional estat\u00edstica de sedimentos e solos (histograma, curva de frequ\u00eancias, curva cumulativa e medidas descritivas como tend\u00eancia central, dispers\u00e3o, assimetria e angulosidade da [&hellip;]<\/p>\n","protected":false},"author":1,"featured_media":0,"parent":0,"menu_order":0,"comment_status":"closed","ping_status":"closed","template":"template-home.php","meta":{"footnotes":""},"class_list":["post-5","page","type-page","status-publish","hentry"],"_links":{"self":[{"href":"https:\/\/lpas.redeescolardeciencia.pt\/index.php?rest_route=\/wp\/v2\/pages\/5","targetHints":{"allow":["GET"]}}],"collection":[{"href":"https:\/\/lpas.redeescolardeciencia.pt\/index.php?rest_route=\/wp\/v2\/pages"}],"about":[{"href":"https:\/\/lpas.redeescolardeciencia.pt\/index.php?rest_route=\/wp\/v2\/types\/page"}],"author":[{"embeddable":true,"href":"https:\/\/lpas.redeescolardeciencia.pt\/index.php?rest_route=\/wp\/v2\/users\/1"}],"replies":[{"embeddable":true,"href":"https:\/\/lpas.redeescolardeciencia.pt\/index.php?rest_route=%2Fwp%2Fv2%2Fcomments&post=5"}],"version-history":[{"count":2,"href":"https:\/\/lpas.redeescolardeciencia.pt\/index.php?rest_route=\/wp\/v2\/pages\/5\/revisions"}],"predecessor-version":[{"id":7,"href":"https:\/\/lpas.redeescolardeciencia.pt\/index.php?rest_route=\/wp\/v2\/pages\/5\/revisions\/7"}],"wp:attachment":[{"href":"https:\/\/lpas.redeescolardeciencia.pt\/index.php?rest_route=%2Fwp%2Fv2%2Fmedia&parent=5"}],"curies":[{"name":"wp","href":"https:\/\/api.w.org\/{rel}","templated":true}]}}